{"id":847,"date":"2016-02-28T21:14:41","date_gmt":"2016-02-28T20:14:41","guid":{"rendered":"https:\/\/blindspotstudio.ca\/?page_id=847"},"modified":"2022-05-30T17:34:47","modified_gmt":"2022-05-30T16:34:47","slug":"accueil","status":"publish","type":"page","link":"https:\/\/blindspotstudio.ca\/fr\/","title":{"rendered":"ACCUEIL"},"content":{"rendered":"<div class=\"wpb-content-wrapper\"><p>[vc_row iron_row_type=\u00a0\u00bbfull_width\u00a0\u00bb iron_remove_padding_medium=\u00a0\u00bb\u00a0\u00bb iron_remove_padding_small=\u00a0\u00bb\u00a0\u00bb iron_overlay_pattern=\u00a0\u00bb\u00a0\u00bb iron_parallax=\u00a0\u00bb\u00a0\u00bb iron_bg_video=\u00a0\u00bb\u00a0\u00bb][vc_column][rev_slider_vc alias=\u00a0\u00bbcroma-01-FR\u00a0\u00bb][\/vc_column][\/vc_row][vc_row gap=\u00a0\u00bb20&Prime; iron_row_type=\u00a0\u00bbfull_width\u00a0\u00bb iron_remove_padding_medium=\u00a0\u00bb\u00a0\u00bb iron_remove_padding_small=\u00a0\u00bb\u00a0\u00bb iron_overlay_pattern=\u00a0\u00bb\u00a0\u00bb iron_parallax=\u00a0\u00bb\u00a0\u00bb iron_bg_video=\u00a0\u00bb\u00a0\u00bb css=\u00a0\u00bb.vc_custom_1456772692942{padding-top: 75px !important;padding-bottom: 145px !important;}\u00a0\u00bb][vc_column][vc_custom_heading text=\u00a0\u00bbPISTES SOUNDCLOUD\u00a0\u00bb font_container=\u00a0\u00bbtag:h2|font_size:14px|text_align:center|line_height:14px\u00a0\u00bb use_theme_fonts=\u00a0\u00bbyes\u00a0\u00bb fit_bg_text=\u00a0\u00bb0&Prime;]\t<div class=\"dividerwrap\" style=\"padding-top:px; padding-bottom:px;\">\r\n\t\t<div class=\"imagedivider center\">\r\n\t\t<img decoding=\"async\" src=\"https:\/\/blindspotstudio.ca\/wp-content\/uploads\/2016\/02\/divider-gold.png\" class=\"imagedividerpic\" alt=\"divider\">\r\n\t\t<\/div>\r\n\t\t<div class=\"clear\"><\/div>\r\n\t<\/div>[vc_row_inner iron_bg_video=\u00a0\u00bb\u00a0\u00bb css=\u00a0\u00bb.vc_custom_1454795540367{margin-top: 75px !important;}\u00a0\u00bb][vc_column_inner][vc_column_text]<iframe loading=\"lazy\" src=\"https:\/\/w.soundcloud.com\/player\/?url=https%3A\/\/api.soundcloud.com\/playlists\/1175509693&amp;color=%23ff5500&amp;auto_play=false&amp;hide_related=false&amp;show_comments=true&amp;show_user=true&amp;show_reposts=false&amp;show_teaser=true\" width=\"100%\" height=\"450\" frameborder=\"no\" scrolling=\"no\"><\/iframe><\/p>\n<div style=\"font-size: 10px; color: #cccccc; line-break: anywhere; word-break: normal; overflow: hidden; white-space: nowrap; text-overflow: ellipsis; font-family: Interstate,Lucida Grande,Lucida Sans Unicode,Lucida Sans,Garuda,Verdana,Tahoma,sans-serif; font-weight: 100;\"><a style=\"color: #cccccc; text-decoration: none;\" title=\"The Blind Spot Studio\" href=\"https:\/\/soundcloud.com\/the-blind-spot-608492866\" target=\"_blank\" rel=\"noopener noreferrer\">The Blind Spot Studio<\/a> \u00b7 <a style=\"color: #cccccc; text-decoration: none;\" title=\"The Blind Spot Studio\" href=\"https:\/\/soundcloud.com\/the-blind-spot-608492866\/sets\/the-blind-spot-studio\" target=\"_blank\" rel=\"noopener noreferrer\">The Blind Spot Studio<\/a><\/div>\n<p>[\/vc_column_text][\/vc_column_inner][\/vc_row_inner][\/vc_column][\/vc_row][vc_row gap=\u00a0\u00bb20&Prime; iron_row_type=\u00a0\u00bbfull_width\u00a0\u00bb iron_remove_padding_medium=\u00a0\u00bb\u00a0\u00bb iron_remove_padding_small=\u00a0\u00bb\u00a0\u00bb iron_overlay_pattern=\u00a0\u00bb\u00a0\u00bb iron_parallax=\u00a0\u00bb\u00a0\u00bb iron_bg_video=\u00a0\u00bb\u00a0\u00bb css=\u00a0\u00bb.vc_custom_1456772699029{padding-top: 75px !important;padding-bottom: 145px !important;}\u00a0\u00bb el_class=\u00a0\u00bb.myGradient\u00a0\u00bb][vc_column][vc_custom_heading text=\u00a0\u00bbNOTRE STUDIO\u00a0\u00bb font_container=\u00a0\u00bbtag:h2|font_size:14px|text_align:center|line_height:14px\u00a0\u00bb use_theme_fonts=\u00a0\u00bbyes\u00a0\u00bb fit_bg_text=\u00a0\u00bb0&Prime;]\t<div class=\"dividerwrap\" style=\"padding-top:px; padding-bottom:px;\">\r\n\t\t<div class=\"imagedivider center\">\r\n\t\t<img decoding=\"async\" src=\"https:\/\/blindspotstudio.ca\/wp-content\/uploads\/2016\/02\/divider-gold.png\" class=\"imagedividerpic\" alt=\"divider\">\r\n\t\t<\/div>\r\n\t\t<div class=\"clear\"><\/div>\r\n\t<\/div>[vc_row_inner gap=\u00a0\u00bb25&Prime; iron_bg_video=\u00a0\u00bb\u00a0\u00bb css=\u00a0\u00bb.vc_custom_1456696539421{margin-top: 75px !important;}\u00a0\u00bb][vc_column_inner width=\u00a0\u00bb1\/2&Prime;][vc_single_image image=\u00a0\u00bb1347&Prime; img_size=\u00a0\u00bbfull\u00a0\u00bb alignment=\u00a0\u00bbcenter\u00a0\u00bb img_fullwidth=\u00a0\u00bb0&Prime;][\/vc_column_inner][vc_column_inner width=\u00a0\u00bb1\/2&Prime;][vc_column_text]<\/p>\n<h1>UN ESPACE STUDIO POUR VOUS.<\/h1>\n<p><strong>Le Studio Blind Spot<\/strong>\u00a0est un studio d&rsquo;enregistrement situ\u00e9 dans le quartier Centre-sud de Mtl, \u00e0 deux pas du pont Jacques-Cartier. Nous offrons les services suivant: l&rsquo;enregistrement multipiste en studio, des sessions vid\u00e9os en direct, la cr\u00e9ation de vid\u00e9oclip, des services de photographie, et de la conception sonore pour tout vos projets.[\/vc_column_text][vc_empty_space height=\u00a0\u00bb30px\u00a0\u00bb]\r\n\t<a target=\"_self\" data-hoverbg=\"#a67f57\" data-hoverborder=\"#a67f57\" data-hovertext=\"#ffffff\"  class=\"button-widget left\" href=\"https:\/\/blindspotstudio.ca\/fr\/a-propos\/\" style=\"padding-left:px; padding-right:px; padding-top:px; padding-bottom:px; border-width:5px; border-radius:0px; border-color:#a67f57; background-color:; color:#a67f57\">NOTRE HISTOIRE \u279d<\/a><div class=\"clear button-clear\"><\/div>[\/vc_column_inner][\/vc_row_inner][\/vc_column][\/vc_row][vc_row gap=\u00a0\u00bb10&Prime; iron_row_type=\u00a0\u00bbfull_width\u00a0\u00bb iron_remove_padding_medium=\u00a0\u00bb\u00a0\u00bb iron_remove_padding_small=\u00a0\u00bbmobilenopadding\u00a0\u00bb iron_overlay_pattern=\u00a0\u00bb\u00a0\u00bb iron_parallax=\u00a0\u00bbparallax\u00a0\u00bb iron_bg_video=\u00a0\u00bb\u00a0\u00bb css=\u00a0\u00bb.vc_custom_1607540165208{padding-top: 30px !important;padding-bottom: 100px !important;background-image: url(https:\/\/blindspotstudio.ca\/wp-content\/uploads\/2016\/02\/bg_countdown.jpg?id=75) !important;}\u00a0\u00bb][vc_column][vc_row_inner content_placement=\u00a0\u00bbmiddle\u00a0\u00bb gap=\u00a0\u00bb25&Prime; iron_bg_video=\u00a0\u00bb\u00a0\u00bb css=\u00a0\u00bb.vc_custom_1456699174190{margin-top: 75px !important;}\u00a0\u00bb][vc_column_inner width=\u00a0\u00bb1\/2&Prime;][vc_custom_heading text=\u00a0\u00bbBESOIN D&rsquo;UN ENREGISTREMENT VID\u00c9O EN DIRECT DE VOTRE PROCHAIN SPECTACLE ?\u00a0\u00bb font_container=\u00a0\u00bbtag:h1|font_size:36px|text_align:right|color:%23ffffff|line_height:36px\u00a0\u00bb use_theme_fonts=\u00a0\u00bbyes\u00a0\u00bb fit_bg_text=\u00a0\u00bb0&Prime;][vc_column_text]<\/p>\n<h2 style=\"text-align: right;\"><span style=\"color: #ffffff;\">AVEC NOTRE \u00c9QUIPE DE VID\u00c9ASTES D\u00c9DI\u00c9S ET NOTRE \u00c9QUIPE AUDIO, NOUS POURRONS CAPTURER VOTRE PROCHAIN SPECTACLE AVEC UNE VISION ARTISTIQUE QUI \u00c9BLOUIRRA VOS FANS.<br \/>\n<\/span><\/h2>\n<p>[\/vc_column_text][\/vc_column_inner][\/vc_row_inner][\/vc_column][\/vc_row][vc_row gap=\u00a0\u00bb20&Prime; iron_row_type=\u00a0\u00bbfull_width\u00a0\u00bb iron_remove_padding_medium=\u00a0\u00bb\u00a0\u00bb iron_remove_padding_small=\u00a0\u00bb\u00a0\u00bb iron_overlay_pattern=\u00a0\u00bb\u00a0\u00bb iron_parallax=\u00a0\u00bb\u00a0\u00bb iron_bg_video=\u00a0\u00bb\u00a0\u00bb css=\u00a0\u00bb.vc_custom_1456772658796{padding-top: 75px !important;padding-bottom: 145px !important;}\u00a0\u00bb el_class=\u00a0\u00bb.myGradient\u00a0\u00bb][vc_column][vc_custom_heading text=\u00a0\u00bbNOTRE DERNIER TOURNAGE\u00a0\u00bb font_container=\u00a0\u00bbtag:h2|font_size:14px|text_align:center|line_height:14px\u00a0\u00bb use_theme_fonts=\u00a0\u00bbyes\u00a0\u00bb fit_bg_text=\u00a0\u00bb0&Prime;]\t<div class=\"dividerwrap\" style=\"padding-top:px; padding-bottom:px;\">\r\n\t\t<div class=\"imagedivider center\">\r\n\t\t<img decoding=\"async\" src=\"https:\/\/blindspotstudio.ca\/wp-content\/uploads\/2016\/02\/divider-gold.png\" class=\"imagedividerpic\" alt=\"divider\">\r\n\t\t<\/div>\r\n\t\t<div class=\"clear\"><\/div>\r\n\t<\/div>[vc_row_inner iron_bg_video=\u00a0\u00bb\u00a0\u00bb css=\u00a0\u00bb.vc_custom_1456438692076{margin-top: 60px !important;}\u00a0\u00bb][vc_column_inner][vc_custom_heading text=\u00a0\u00bbLes Mauvaises T\u00eates &#8211; Session en direct dans notre studio\u00a0\u00bb font_container=\u00a0\u00bbtag:h3|font_size:18px|text_align:center|color:%23ffffff|line_height:18px\u00a0\u00bb use_theme_fonts=\u00a0\u00bbyes\u00a0\u00bb fit_bg_text=\u00a0\u00bb0&Prime;][vc_empty_space height=\u00a0\u00bb25px\u00a0\u00bb][vc_video link=\u00a0\u00bbhttps:\/\/youtu.be\/BqhMu-MpXHo\u00a0\u00bb][vc_empty_space height=\u00a0\u00bb35px\u00a0\u00bb]\r\n\t<a target=\"_blank\" data-hoverbg=\"#a67f57\" data-hoverborder=\"#a67f57\" data-hovertext=\"#ffffff\"  class=\"button-widget center\" href=\"https:\/\/www.youtube.com\/channel\/UCfz1R6UOmUXvJrta32BRXgA\" style=\"padding-left:px; padding-right:px; padding-top:px; padding-bottom:px; border-width:5px; border-radius:0px; border-color:#a67f57; background-color:; color:#a67f57\">Section VID\u00c9OS \u279d<\/a><div class=\"clear button-clear\"><\/div>[\/vc_column_inner][\/vc_row_inner][\/vc_column][\/vc_row]<\/p>\n<\/div>","protected":false},"excerpt":{"rendered":"<p>[vc_row iron_row_type=\u00a0\u00bbfull_width\u00a0\u00bb iron_remove_padding_medium=\u00a0\u00bb\u00a0\u00bb iron_remove_padding_small=\u00a0\u00bb\u00a0\u00bb iron_overlay_pattern=\u00a0\u00bb\u00a0\u00bb iron_parallax=\u00a0\u00bb\u00a0\u00bb iron_bg_video=\u00a0\u00bb\u00a0\u00bb][vc_column][rev_slider_vc alias=\u00a0\u00bbcroma-01-FR\u00a0\u00bb][\/vc_column][\/vc_row][vc_row gap=\u00a0\u00bb20&Prime; iron_row_type=\u00a0\u00bbfull_width\u00a0\u00bb iron_remove_padding_medium=\u00a0\u00bb\u00a0\u00bb iron_remove_padding_small=\u00a0\u00bb\u00a0\u00bb iron_overlay_pattern=\u00a0\u00bb\u00a0\u00bb iron_parallax=\u00a0\u00bb\u00a0\u00bb iron_bg_video=\u00a0\u00bb\u00a0\u00bb css=\u00a0\u00bb.vc_custom_1456772692942{padding-top: 75px !important;padding-bottom: 145px !important;}\u00a0\u00bb][vc_column][vc_custom_heading text=\u00a0\u00bbPISTES SOUNDCLOUD\u00a0\u00bb font_container=\u00a0\u00bbtag:h2|font_size:14px|text_align:center|line_height:14px\u00a0\u00bb use_theme_fonts=\u00a0\u00bbyes\u00a0\u00bb fit_bg_text=\u00a0\u00bb0&Prime;][vc_row_inner iron_bg_video=\u00a0\u00bb\u00a0\u00bb css=\u00a0\u00bb.vc_custom_1454795540367{margin-top: 75px !important;}\u00a0\u00bb][vc_column_inner][vc_column_text] The Blind Spot Studio \u00b7 The Blind Spot Studio [\/vc_column_text][\/vc_column_inner][\/vc_row_inner][\/vc_column][\/vc_row][vc_row gap=\u00a0\u00bb20&Prime; iron_row_type=\u00a0\u00bbfull_width\u00a0\u00bb iron_remove_padding_medium=\u00a0\u00bb\u00a0\u00bb iron_remove_padding_small=\u00a0\u00bb\u00a0\u00bb iron_overlay_pattern=\u00a0\u00bb\u00a0\u00bb iron_parallax=\u00a0\u00bb\u00a0\u00bb iron_bg_video=\u00a0\u00bb\u00a0\u00bb css=\u00a0\u00bb.vc_custom_1456772699029{padding-top: 75px !important;padding-bottom: 145px !important;}\u00a0\u00bb el_class=\u00a0\u00bb.myGradient\u00a0\u00bb][vc_column][vc_custom_heading text=\u00a0\u00bbNOTRE STUDIO\u00a0\u00bb font_container=\u00a0\u00bbtag:h2|font_size:14px|text_align:center|line_height:14px\u00a0\u00bb use_theme_fonts=\u00a0\u00bbyes\u00a0\u00bb fit_bg_text=\u00a0\u00bb0&Prime;][vc_row_inner gap=\u00a0\u00bb25&Prime; iron_bg_video=\u00a0\u00bb\u00a0\u00bb css=\u00a0\u00bb.vc_custom_1456696539421{margin-top: 75px !important;}\u00a0\u00bb][vc_column_inner width=\u00a0\u00bb1\/2&Prime;][vc_single_image image=\u00a0\u00bb1347&Prime; img_size=\u00a0\u00bbfull\u00a0\u00bb alignment=\u00a0\u00bbcenter\u00a0\u00bb img_fullwidth=\u00a0\u00bb0&Prime;][\/vc_column_inner][vc_column_inner width=\u00a0\u00bb1\/2&Prime;][vc_column_text] UN ESPACE STUDIO POUR VOUS. Le Studio Blind Spot\u00a0est un studio d&rsquo;enregistrement [&hellip;]<\/p>\n","protected":false},"author":1,"featured_media":0,"parent":0,"menu_order":1,"comment_status":"closed","ping_status":"closed","template":"","meta":{"_acf_changed":false,"footnotes":""},"class_list":["post-847","page","type-page","status-publish","hentry"],"acf":[],"yoast_head":"<!-- This site is optimized with the Yoast SEO plugin v26.7 - https:\/\/yoast.com\/wordpress\/plugins\/seo\/ -->\n<title>ACCUEIL - Blind Spot Studio<\/title>\n<meta name=\"robots\" content=\"index, follow, max-snippet:-1, max-image-preview:large, max-video-preview:-1\" \/>\n<link rel=\"canonical\" href=\"https:\/\/blindspotstudio.ca\/fr\/\" \/>\n<meta property=\"og:locale\" content=\"fr_FR\" \/>\n<meta property=\"og:type\" content=\"article\" \/>\n<meta property=\"og:title\" content=\"ACCUEIL - Blind Spot Studio\" \/>\n<meta property=\"og:description\" content=\"[vc_row iron_row_type=\u00a0\u00bbfull_width\u00a0\u00bb iron_remove_padding_medium=\u00a0\u00bb\u00a0\u00bb iron_remove_padding_small=\u00a0\u00bb\u00a0\u00bb iron_overlay_pattern=\u00a0\u00bb\u00a0\u00bb iron_parallax=\u00a0\u00bb\u00a0\u00bb iron_bg_video=\u00a0\u00bb\u00a0\u00bb][vc_column][rev_slider_vc alias=\u00a0\u00bbcroma-01-FR\u00a0\u00bb][\/vc_column][\/vc_row][vc_row gap=\u00a0\u00bb20&Prime; iron_row_type=\u00a0\u00bbfull_width\u00a0\u00bb iron_remove_padding_medium=\u00a0\u00bb\u00a0\u00bb iron_remove_padding_small=\u00a0\u00bb\u00a0\u00bb iron_overlay_pattern=\u00a0\u00bb\u00a0\u00bb iron_parallax=\u00a0\u00bb\u00a0\u00bb iron_bg_video=\u00a0\u00bb\u00a0\u00bb css=\u00a0\u00bb.vc_custom_1456772692942{padding-top: 75px !important;padding-bottom: 145px !important;}\u00a0\u00bb][vc_column][vc_custom_heading text=\u00a0\u00bbPISTES SOUNDCLOUD\u00a0\u00bb font_container=\u00a0\u00bbtag:h2|font_size:14px|text_align:center|line_height:14px\u00a0\u00bb use_theme_fonts=\u00a0\u00bbyes\u00a0\u00bb fit_bg_text=\u00a0\u00bb0&Prime;][vc_row_inner iron_bg_video=\u00a0\u00bb\u00a0\u00bb css=\u00a0\u00bb.vc_custom_1454795540367{margin-top: 75px !important;}\u00a0\u00bb][vc_column_inner][vc_column_text] The Blind Spot Studio \u00b7 The Blind Spot Studio [\/vc_column_text][\/vc_column_inner][\/vc_row_inner][\/vc_column][\/vc_row][vc_row gap=\u00a0\u00bb20&Prime; iron_row_type=\u00a0\u00bbfull_width\u00a0\u00bb iron_remove_padding_medium=\u00a0\u00bb\u00a0\u00bb iron_remove_padding_small=\u00a0\u00bb\u00a0\u00bb iron_overlay_pattern=\u00a0\u00bb\u00a0\u00bb iron_parallax=\u00a0\u00bb\u00a0\u00bb iron_bg_video=\u00a0\u00bb\u00a0\u00bb css=\u00a0\u00bb.vc_custom_1456772699029{padding-top: 75px !important;padding-bottom: 145px !important;}\u00a0\u00bb el_class=\u00a0\u00bb.myGradient\u00a0\u00bb][vc_column][vc_custom_heading text=\u00a0\u00bbNOTRE STUDIO\u00a0\u00bb font_container=\u00a0\u00bbtag:h2|font_size:14px|text_align:center|line_height:14px\u00a0\u00bb use_theme_fonts=\u00a0\u00bbyes\u00a0\u00bb fit_bg_text=\u00a0\u00bb0&Prime;][vc_row_inner gap=\u00a0\u00bb25&Prime; iron_bg_video=\u00a0\u00bb\u00a0\u00bb css=\u00a0\u00bb.vc_custom_1456696539421{margin-top: 75px !important;}\u00a0\u00bb][vc_column_inner width=\u00a0\u00bb1\/2&Prime;][vc_single_image image=\u00a0\u00bb1347&Prime; img_size=\u00a0\u00bbfull\u00a0\u00bb alignment=\u00a0\u00bbcenter\u00a0\u00bb img_fullwidth=\u00a0\u00bb0&Prime;][\/vc_column_inner][vc_column_inner width=\u00a0\u00bb1\/2&Prime;][vc_column_text] UN ESPACE STUDIO POUR VOUS. Le Studio Blind Spot\u00a0est un studio d&rsquo;enregistrement [&hellip;]\" \/>\n<meta property=\"og:url\" content=\"https:\/\/blindspotstudio.ca\/fr\/\" \/>\n<meta property=\"og:site_name\" content=\"Blind Spot Studio\" \/>\n<meta property=\"article:modified_time\" content=\"2022-05-30T16:34:47+00:00\" \/>\n<meta property=\"og:image\" content=\"https:\/\/blindspotstudio.ca\/wp-content\/uploads\/2020\/12\/BSS-Watermark-white.png\" \/>\n\t<meta property=\"og:image:width\" content=\"1205\" \/>\n\t<meta property=\"og:image:height\" content=\"298\" \/>\n\t<meta property=\"og:image:type\" content=\"image\/png\" \/>\n<meta name=\"twitter:card\" content=\"summary_large_image\" \/>\n<meta name=\"twitter:label1\" content=\"Dur\u00e9e de lecture estim\u00e9e\" \/>\n\t<meta name=\"twitter:data1\" content=\"2 minutes\" \/>\n<script type=\"application\/ld+json\" class=\"yoast-schema-graph\">{\"@context\":\"https:\/\/schema.org\",\"@graph\":[{\"@type\":\"WebPage\",\"@id\":\"https:\/\/blindspotstudio.ca\/fr\/\",\"url\":\"https:\/\/blindspotstudio.ca\/fr\/\",\"name\":\"ACCUEIL - Blind Spot Studio\",\"isPartOf\":{\"@id\":\"https:\/\/blindspotstudio.ca\/#website\"},\"datePublished\":\"2016-02-28T20:14:41+00:00\",\"dateModified\":\"2022-05-30T16:34:47+00:00\",\"breadcrumb\":{\"@id\":\"https:\/\/blindspotstudio.ca\/fr\/#breadcrumb\"},\"inLanguage\":\"fr-FR\",\"potentialAction\":[{\"@type\":\"ReadAction\",\"target\":[\"https:\/\/blindspotstudio.ca\/fr\/\"]}]},{\"@type\":\"BreadcrumbList\",\"@id\":\"https:\/\/blindspotstudio.ca\/fr\/#breadcrumb\",\"itemListElement\":[{\"@type\":\"ListItem\",\"position\":1,\"name\":\"Accueil\",\"item\":\"https:\/\/blindspotstudio.ca\/fr\/\"},{\"@type\":\"ListItem\",\"position\":2,\"name\":\"ACCUEIL\"}]},{\"@type\":\"WebSite\",\"@id\":\"https:\/\/blindspotstudio.ca\/#website\",\"url\":\"https:\/\/blindspotstudio.ca\/\",\"name\":\"Blind Spot Studio\",\"description\":\"\",\"potentialAction\":[{\"@type\":\"SearchAction\",\"target\":{\"@type\":\"EntryPoint\",\"urlTemplate\":\"https:\/\/blindspotstudio.ca\/?s={search_term_string}\"},\"query-input\":{\"@type\":\"PropertyValueSpecification\",\"valueRequired\":true,\"valueName\":\"search_term_string\"}}],\"inLanguage\":\"fr-FR\"}]}<\/script>\n<!-- \/ Yoast SEO plugin. -->","yoast_head_json":{"title":"ACCUEIL - Blind Spot Studio","robots":{"index":"index","follow":"follow","max-snippet":"max-snippet:-1","max-image-preview":"max-image-preview:large","max-video-preview":"max-video-preview:-1"},"canonical":"https:\/\/blindspotstudio.ca\/fr\/","og_locale":"fr_FR","og_type":"article","og_title":"ACCUEIL - Blind Spot Studio","og_description":"[vc_row iron_row_type=\u00a0\u00bbfull_width\u00a0\u00bb iron_remove_padding_medium=\u00a0\u00bb\u00a0\u00bb iron_remove_padding_small=\u00a0\u00bb\u00a0\u00bb iron_overlay_pattern=\u00a0\u00bb\u00a0\u00bb iron_parallax=\u00a0\u00bb\u00a0\u00bb iron_bg_video=\u00a0\u00bb\u00a0\u00bb][vc_column][rev_slider_vc alias=\u00a0\u00bbcroma-01-FR\u00a0\u00bb][\/vc_column][\/vc_row][vc_row gap=\u00a0\u00bb20&Prime; iron_row_type=\u00a0\u00bbfull_width\u00a0\u00bb iron_remove_padding_medium=\u00a0\u00bb\u00a0\u00bb iron_remove_padding_small=\u00a0\u00bb\u00a0\u00bb iron_overlay_pattern=\u00a0\u00bb\u00a0\u00bb iron_parallax=\u00a0\u00bb\u00a0\u00bb iron_bg_video=\u00a0\u00bb\u00a0\u00bb css=\u00a0\u00bb.vc_custom_1456772692942{padding-top: 75px !important;padding-bottom: 145px !important;}\u00a0\u00bb][vc_column][vc_custom_heading text=\u00a0\u00bbPISTES SOUNDCLOUD\u00a0\u00bb font_container=\u00a0\u00bbtag:h2|font_size:14px|text_align:center|line_height:14px\u00a0\u00bb use_theme_fonts=\u00a0\u00bbyes\u00a0\u00bb fit_bg_text=\u00a0\u00bb0&Prime;][vc_row_inner iron_bg_video=\u00a0\u00bb\u00a0\u00bb css=\u00a0\u00bb.vc_custom_1454795540367{margin-top: 75px !important;}\u00a0\u00bb][vc_column_inner][vc_column_text] The Blind Spot Studio \u00b7 The Blind Spot Studio [\/vc_column_text][\/vc_column_inner][\/vc_row_inner][\/vc_column][\/vc_row][vc_row gap=\u00a0\u00bb20&Prime; iron_row_type=\u00a0\u00bbfull_width\u00a0\u00bb iron_remove_padding_medium=\u00a0\u00bb\u00a0\u00bb iron_remove_padding_small=\u00a0\u00bb\u00a0\u00bb iron_overlay_pattern=\u00a0\u00bb\u00a0\u00bb iron_parallax=\u00a0\u00bb\u00a0\u00bb iron_bg_video=\u00a0\u00bb\u00a0\u00bb css=\u00a0\u00bb.vc_custom_1456772699029{padding-top: 75px !important;padding-bottom: 145px !important;}\u00a0\u00bb el_class=\u00a0\u00bb.myGradient\u00a0\u00bb][vc_column][vc_custom_heading text=\u00a0\u00bbNOTRE STUDIO\u00a0\u00bb font_container=\u00a0\u00bbtag:h2|font_size:14px|text_align:center|line_height:14px\u00a0\u00bb use_theme_fonts=\u00a0\u00bbyes\u00a0\u00bb fit_bg_text=\u00a0\u00bb0&Prime;][vc_row_inner gap=\u00a0\u00bb25&Prime; iron_bg_video=\u00a0\u00bb\u00a0\u00bb css=\u00a0\u00bb.vc_custom_1456696539421{margin-top: 75px !important;}\u00a0\u00bb][vc_column_inner width=\u00a0\u00bb1\/2&Prime;][vc_single_image image=\u00a0\u00bb1347&Prime; img_size=\u00a0\u00bbfull\u00a0\u00bb alignment=\u00a0\u00bbcenter\u00a0\u00bb img_fullwidth=\u00a0\u00bb0&Prime;][\/vc_column_inner][vc_column_inner width=\u00a0\u00bb1\/2&Prime;][vc_column_text] UN ESPACE STUDIO POUR VOUS. Le Studio Blind Spot\u00a0est un studio d&rsquo;enregistrement [&hellip;]","og_url":"https:\/\/blindspotstudio.ca\/fr\/","og_site_name":"Blind Spot Studio","article_modified_time":"2022-05-30T16:34:47+00:00","og_image":[{"width":1205,"height":298,"url":"https:\/\/blindspotstudio.ca\/wp-content\/uploads\/2020\/12\/BSS-Watermark-white.png","type":"image\/png"}],"twitter_card":"summary_large_image","twitter_misc":{"Dur\u00e9e de lecture estim\u00e9e":"2 minutes"},"schema":{"@context":"https:\/\/schema.org","@graph":[{"@type":"WebPage","@id":"https:\/\/blindspotstudio.ca\/fr\/","url":"https:\/\/blindspotstudio.ca\/fr\/","name":"ACCUEIL - Blind Spot Studio","isPartOf":{"@id":"https:\/\/blindspotstudio.ca\/#website"},"datePublished":"2016-02-28T20:14:41+00:00","dateModified":"2022-05-30T16:34:47+00:00","breadcrumb":{"@id":"https:\/\/blindspotstudio.ca\/fr\/#breadcrumb"},"inLanguage":"fr-FR","potentialAction":[{"@type":"ReadAction","target":["https:\/\/blindspotstudio.ca\/fr\/"]}]},{"@type":"BreadcrumbList","@id":"https:\/\/blindspotstudio.ca\/fr\/#breadcrumb","itemListElement":[{"@type":"ListItem","position":1,"name":"Accueil","item":"https:\/\/blindspotstudio.ca\/fr\/"},{"@type":"ListItem","position":2,"name":"ACCUEIL"}]},{"@type":"WebSite","@id":"https:\/\/blindspotstudio.ca\/#website","url":"https:\/\/blindspotstudio.ca\/","name":"Blind Spot Studio","description":"","potentialAction":[{"@type":"SearchAction","target":{"@type":"EntryPoint","urlTemplate":"https:\/\/blindspotstudio.ca\/?s={search_term_string}"},"query-input":{"@type":"PropertyValueSpecification","valueRequired":true,"valueName":"search_term_string"}}],"inLanguage":"fr-FR"}]}},"_links":{"self":[{"href":"https:\/\/blindspotstudio.ca\/fr\/wp-json\/wp\/v2\/pages\/847","targetHints":{"allow":["GET"]}}],"collection":[{"href":"https:\/\/blindspotstudio.ca\/fr\/wp-json\/wp\/v2\/pages"}],"about":[{"href":"https:\/\/blindspotstudio.ca\/fr\/wp-json\/wp\/v2\/types\/page"}],"author":[{"embeddable":true,"href":"https:\/\/blindspotstudio.ca\/fr\/wp-json\/wp\/v2\/users\/1"}],"replies":[{"embeddable":true,"href":"https:\/\/blindspotstudio.ca\/fr\/wp-json\/wp\/v2\/comments?post=847"}],"version-history":[{"count":29,"href":"https:\/\/blindspotstudio.ca\/fr\/wp-json\/wp\/v2\/pages\/847\/revisions"}],"predecessor-version":[{"id":1406,"href":"https:\/\/blindspotstudio.ca\/fr\/wp-json\/wp\/v2\/pages\/847\/revisions\/1406"}],"wp:attachment":[{"href":"https:\/\/blindspotstudio.ca\/fr\/wp-json\/wp\/v2\/media?parent=847"}],"curies":[{"name":"wp","href":"https:\/\/api.w.org\/{rel}","templated":true}]}}