{"id":868,"date":"2016-02-06T21:21:36","date_gmt":"2016-02-06T20:21:36","guid":{"rendered":"https:\/\/blindspotstudio.ca\/a-propos\/"},"modified":"2021-08-12T21:57:29","modified_gmt":"2021-08-12T20:57:29","slug":"a-propos","status":"publish","type":"page","link":"https:\/\/blindspotstudio.ca\/fr\/a-propos\/","title":{"rendered":"\u00c0 propos"},"content":{"rendered":"<div class=\"wpb-content-wrapper\"><p>[vc_row iron_row_type=\u00a0\u00bbfull_width\u00a0\u00bb iron_remove_padding_medium=\u00a0\u00bb\u00a0\u00bb iron_remove_padding_small=\u00a0\u00bb\u00a0\u00bb iron_overlay_pattern=\u00a0\u00bb\u00a0\u00bb iron_parallax=\u00a0\u00bb\u00a0\u00bb iron_bg_video=\u00a0\u00bb\u00a0\u00bb css=\u00a0\u00bb.vc_custom_1626880106199{margin-bottom: 150px !important;background-image: url(https:\/\/blindspotstudio.ca\/wp-content\/uploads\/2020\/12\/Ludwig1-1.jpg?id=733) !important;background-position: 0 0 !important;background-repeat: no-repeat !important;}\u00a0\u00bb][vc_column][vc_row_inner gap=\u00a0\u00bb35&Prime; iron_bg_video=\u00a0\u00bb\u00a0\u00bb css=\u00a0\u00bb.vc_custom_1456788182214{margin-top: 250px !important;}\u00a0\u00bb][vc_column_inner][vc_custom_heading text=\u00a0\u00bbUN STUDIO MULTIM\u00c9DIA POUR TOUSVOS BESOINS\u00a0\u00bb font_container=\u00a0\u00bbtag:h1|text_align:left\u00a0\u00bb use_theme_fonts=\u00a0\u00bbyes\u00a0\u00bb fit_bg_text=\u00a0\u00bb0&Prime;][vc_separator color=\u00a0\u00bbcustom\u00a0\u00bb align=\u00a0\u00bbalign_left\u00a0\u00bb accent_color=\u00a0\u00bbrgba(215,163,79,0.45)\u00a0\u00bb][vc_custom_heading text=\u00a0\u00bbNOTRE STUDIO\u00a0\u00bb font_container=\u00a0\u00bbtag:h3|text_align:left\u00a0\u00bb use_theme_fonts=\u00a0\u00bbyes\u00a0\u00bb fit_bg_text=\u00a0\u00bb0&Prime; css=\u00a0\u00bb.vc_custom_1607460488335{margin-top: 30px !important;}\u00a0\u00bb][\/vc_column_inner][\/vc_row_inner][vc_row_inner gap=\u00a0\u00bb35&Prime; iron_bg_video=\u00a0\u00bb\u00a0\u00bb css=\u00a0\u00bb.vc_custom_1456788103810{margin-top: 125px !important;}\u00a0\u00bb][vc_column_inner width=\u00a0\u00bb1\/2&Prime;][vc_column_text]Le Blind Spot Studio est un studio d&rsquo;enregistrement situ\u00e9 dans le quartier Centre-sud de Mtl, \u00e0 deux pas du pont Jacques-Cartier. Nous offrons les services suivant: l&rsquo;enregistrement multipiste en studio, des sessions vid\u00e9os en direct, la cr\u00e9ation de vid\u00e9oclip, des services de photographie, et de la conception sonore pour tout vos projets.<\/p>\n<p>Que ce soit pour une session de groupe dans notre salle du studio A (20\u00d725), ou pour vos projets acoustiques et intimistes dans le studio B, nous avons les bons outils et l&rsquo;exp\u00e9rience n\u00e9cessaire pour vous aider \u00e0 produire vos chansons de fa\u00e7on professionnel.[\/vc_column_text][\/vc_column_inner][vc_column_inner width=\u00a0\u00bb1\/2&Prime;][vc_column_text]<\/p>\n<p style=\"text-align: justify;\">En 2018, notre studio a \u00e9t\u00e9 transform\u00e9 en salle de session en direct pour nos productions vid\u00e9os. \u00c9quip\u00e9s de cam\u00e9ras HD et de 3 vid\u00e9astes, nous vous offrons la possibilit\u00e9 de promouvoir votre projet ou votre groupe avec une session dans notre studio. Que ce soit pour une chanson, ou pour un spectacle en direct, venez d\u00e9couvrir notre belle sc\u00e8ne et soyez pr\u00eat \u00e0 partager votre session professionnelle avec le monde. Mont\u00e9, mix\u00e9 et masteris\u00e9 dans notre studio, pour un son et un visuel personnalis\u00e9, unique, adapt\u00e9 \u00e0 l&rsquo;artiste.<\/p>\n<p>[\/vc_column_text][\/vc_column_inner][\/vc_row_inner][\/vc_column][\/vc_row]<\/p>\n<\/div>","protected":false},"excerpt":{"rendered":"<p>[vc_row iron_row_type=\u00a0\u00bbfull_width\u00a0\u00bb iron_remove_padding_medium=\u00a0\u00bb\u00a0\u00bb iron_remove_padding_small=\u00a0\u00bb\u00a0\u00bb iron_overlay_pattern=\u00a0\u00bb\u00a0\u00bb iron_parallax=\u00a0\u00bb\u00a0\u00bb iron_bg_video=\u00a0\u00bb\u00a0\u00bb css=\u00a0\u00bb.vc_custom_1626880106199{margin-bottom: 150px !important;background-image: url(https:\/\/blindspotstudio.ca\/wp-content\/uploads\/2020\/12\/Ludwig1-1.jpg?id=733) !important;background-position: 0 0 !important;background-repeat: no-repeat !important;}\u00a0\u00bb][vc_column][vc_row_inner gap=\u00a0\u00bb35&Prime; iron_bg_video=\u00a0\u00bb\u00a0\u00bb css=\u00a0\u00bb.vc_custom_1456788182214{margin-top: 250px !important;}\u00a0\u00bb][vc_column_inner][vc_custom_heading text=\u00a0\u00bbUN STUDIO MULTIM\u00c9DIA POUR TOUSVOS BESOINS\u00a0\u00bb font_container=\u00a0\u00bbtag:h1|text_align:left\u00a0\u00bb use_theme_fonts=\u00a0\u00bbyes\u00a0\u00bb fit_bg_text=\u00a0\u00bb0&Prime;][vc_separator color=\u00a0\u00bbcustom\u00a0\u00bb align=\u00a0\u00bbalign_left\u00a0\u00bb accent_color=\u00a0\u00bbrgba(215,163,79,0.45)\u00a0\u00bb][vc_custom_heading text=\u00a0\u00bbNOTRE STUDIO\u00a0\u00bb font_container=\u00a0\u00bbtag:h3|text_align:left\u00a0\u00bb use_theme_fonts=\u00a0\u00bbyes\u00a0\u00bb fit_bg_text=\u00a0\u00bb0&Prime; css=\u00a0\u00bb.vc_custom_1607460488335{margin-top: 30px !important;}\u00a0\u00bb][\/vc_column_inner][\/vc_row_inner][vc_row_inner gap=\u00a0\u00bb35&Prime; iron_bg_video=\u00a0\u00bb\u00a0\u00bb css=\u00a0\u00bb.vc_custom_1456788103810{margin-top: 125px !important;}\u00a0\u00bb][vc_column_inner width=\u00a0\u00bb1\/2&Prime;][vc_column_text]Le Blind Spot Studio est un studio d&rsquo;enregistrement situ\u00e9 dans le quartier Centre-sud de Mtl, \u00e0 deux pas du pont Jacques-Cartier. Nous offrons les services suivant: l&rsquo;enregistrement multipiste en studio, des sessions vid\u00e9os [&hellip;]<\/p>\n","protected":false},"author":1,"featured_media":0,"parent":0,"menu_order":7,"comment_status":"closed","ping_status":"closed","template":"","meta":{"_acf_changed":false,"footnotes":""},"class_list":["post-868","page","type-page","status-publish","hentry"],"acf":[],"yoast_head":"<!-- This site is optimized with the Yoast SEO plugin v26.7 - https:\/\/yoast.com\/wordpress\/plugins\/seo\/ -->\n<title>\u00c0 propos - Blind Spot Studio<\/title>\n<meta name=\"robots\" content=\"index, follow, max-snippet:-1, max-image-preview:large, max-video-preview:-1\" \/>\n<link rel=\"canonical\" href=\"https:\/\/blindspotstudio.ca\/bio\/\" \/>\n<meta property=\"og:locale\" content=\"fr_FR\" \/>\n<meta property=\"og:type\" content=\"article\" \/>\n<meta property=\"og:title\" content=\"\u00c0 propos - Blind Spot Studio\" \/>\n<meta property=\"og:description\" content=\"[vc_row iron_row_type=\u00a0\u00bbfull_width\u00a0\u00bb iron_remove_padding_medium=\u00a0\u00bb\u00a0\u00bb iron_remove_padding_small=\u00a0\u00bb\u00a0\u00bb iron_overlay_pattern=\u00a0\u00bb\u00a0\u00bb iron_parallax=\u00a0\u00bb\u00a0\u00bb iron_bg_video=\u00a0\u00bb\u00a0\u00bb css=\u00a0\u00bb.vc_custom_1626880106199{margin-bottom: 150px !important;background-image: url(https:\/\/blindspotstudio.ca\/wp-content\/uploads\/2020\/12\/Ludwig1-1.jpg?id=733) !important;background-position: 0 0 !important;background-repeat: no-repeat !important;}\u00a0\u00bb][vc_column][vc_row_inner gap=\u00a0\u00bb35&Prime; iron_bg_video=\u00a0\u00bb\u00a0\u00bb css=\u00a0\u00bb.vc_custom_1456788182214{margin-top: 250px !important;}\u00a0\u00bb][vc_column_inner][vc_custom_heading text=\u00a0\u00bbUN STUDIO MULTIM\u00c9DIA POUR TOUSVOS BESOINS\u00a0\u00bb font_container=\u00a0\u00bbtag:h1|text_align:left\u00a0\u00bb use_theme_fonts=\u00a0\u00bbyes\u00a0\u00bb fit_bg_text=\u00a0\u00bb0&Prime;][vc_separator color=\u00a0\u00bbcustom\u00a0\u00bb align=\u00a0\u00bbalign_left\u00a0\u00bb accent_color=\u00a0\u00bbrgba(215,163,79,0.45)\u00a0\u00bb][vc_custom_heading text=\u00a0\u00bbNOTRE STUDIO\u00a0\u00bb font_container=\u00a0\u00bbtag:h3|text_align:left\u00a0\u00bb use_theme_fonts=\u00a0\u00bbyes\u00a0\u00bb fit_bg_text=\u00a0\u00bb0&Prime; css=\u00a0\u00bb.vc_custom_1607460488335{margin-top: 30px !important;}\u00a0\u00bb][\/vc_column_inner][\/vc_row_inner][vc_row_inner gap=\u00a0\u00bb35&Prime; iron_bg_video=\u00a0\u00bb\u00a0\u00bb css=\u00a0\u00bb.vc_custom_1456788103810{margin-top: 125px !important;}\u00a0\u00bb][vc_column_inner width=\u00a0\u00bb1\/2&Prime;][vc_column_text]Le Blind Spot Studio est un studio d&rsquo;enregistrement situ\u00e9 dans le quartier Centre-sud de Mtl, \u00e0 deux pas du pont Jacques-Cartier. Nous offrons les services suivant: l&rsquo;enregistrement multipiste en studio, des sessions vid\u00e9os [&hellip;]\" \/>\n<meta property=\"og:url\" content=\"https:\/\/blindspotstudio.ca\/bio\/\" \/>\n<meta property=\"og:site_name\" content=\"Blind Spot Studio\" \/>\n<meta property=\"article:modified_time\" content=\"2021-08-12T20:57:29+00:00\" \/>\n<meta property=\"og:image\" content=\"https:\/\/blindspotstudio.ca\/wp-content\/uploads\/2020\/12\/BSS-Watermark-white.png\" \/>\n\t<meta property=\"og:image:width\" content=\"1205\" \/>\n\t<meta property=\"og:image:height\" content=\"298\" \/>\n\t<meta property=\"og:image:type\" content=\"image\/png\" \/>\n<meta name=\"twitter:card\" content=\"summary_large_image\" \/>\n<meta name=\"twitter:label1\" content=\"Dur\u00e9e de lecture estim\u00e9e\" \/>\n\t<meta name=\"twitter:data1\" content=\"2 minutes\" \/>\n<script type=\"application\/ld+json\" class=\"yoast-schema-graph\">{\"@context\":\"https:\/\/schema.org\",\"@graph\":[{\"@type\":\"WebPage\",\"@id\":\"https:\/\/blindspotstudio.ca\/bio\/\",\"url\":\"https:\/\/blindspotstudio.ca\/bio\/\",\"name\":\"\u00c0 propos - Blind Spot Studio\",\"isPartOf\":{\"@id\":\"https:\/\/blindspotstudio.ca\/#website\"},\"datePublished\":\"2016-02-06T20:21:36+00:00\",\"dateModified\":\"2021-08-12T20:57:29+00:00\",\"breadcrumb\":{\"@id\":\"https:\/\/blindspotstudio.ca\/bio\/#breadcrumb\"},\"inLanguage\":\"fr-FR\",\"potentialAction\":[{\"@type\":\"ReadAction\",\"target\":[\"https:\/\/blindspotstudio.ca\/bio\/\"]}]},{\"@type\":\"BreadcrumbList\",\"@id\":\"https:\/\/blindspotstudio.ca\/bio\/#breadcrumb\",\"itemListElement\":[{\"@type\":\"ListItem\",\"position\":1,\"name\":\"Accueil\",\"item\":\"https:\/\/blindspotstudio.ca\/fr\/\"},{\"@type\":\"ListItem\",\"position\":2,\"name\":\"\u00c0 propos\"}]},{\"@type\":\"WebSite\",\"@id\":\"https:\/\/blindspotstudio.ca\/#website\",\"url\":\"https:\/\/blindspotstudio.ca\/\",\"name\":\"Blind Spot Studio\",\"description\":\"\",\"potentialAction\":[{\"@type\":\"SearchAction\",\"target\":{\"@type\":\"EntryPoint\",\"urlTemplate\":\"https:\/\/blindspotstudio.ca\/?s={search_term_string}\"},\"query-input\":{\"@type\":\"PropertyValueSpecification\",\"valueRequired\":true,\"valueName\":\"search_term_string\"}}],\"inLanguage\":\"fr-FR\"}]}<\/script>\n<!-- \/ Yoast SEO plugin. -->","yoast_head_json":{"title":"\u00c0 propos - Blind Spot Studio","robots":{"index":"index","follow":"follow","max-snippet":"max-snippet:-1","max-image-preview":"max-image-preview:large","max-video-preview":"max-video-preview:-1"},"canonical":"https:\/\/blindspotstudio.ca\/bio\/","og_locale":"fr_FR","og_type":"article","og_title":"\u00c0 propos - Blind Spot Studio","og_description":"[vc_row iron_row_type=\u00a0\u00bbfull_width\u00a0\u00bb iron_remove_padding_medium=\u00a0\u00bb\u00a0\u00bb iron_remove_padding_small=\u00a0\u00bb\u00a0\u00bb iron_overlay_pattern=\u00a0\u00bb\u00a0\u00bb iron_parallax=\u00a0\u00bb\u00a0\u00bb iron_bg_video=\u00a0\u00bb\u00a0\u00bb css=\u00a0\u00bb.vc_custom_1626880106199{margin-bottom: 150px !important;background-image: url(https:\/\/blindspotstudio.ca\/wp-content\/uploads\/2020\/12\/Ludwig1-1.jpg?id=733) !important;background-position: 0 0 !important;background-repeat: no-repeat !important;}\u00a0\u00bb][vc_column][vc_row_inner gap=\u00a0\u00bb35&Prime; iron_bg_video=\u00a0\u00bb\u00a0\u00bb css=\u00a0\u00bb.vc_custom_1456788182214{margin-top: 250px !important;}\u00a0\u00bb][vc_column_inner][vc_custom_heading text=\u00a0\u00bbUN STUDIO MULTIM\u00c9DIA POUR TOUSVOS BESOINS\u00a0\u00bb font_container=\u00a0\u00bbtag:h1|text_align:left\u00a0\u00bb use_theme_fonts=\u00a0\u00bbyes\u00a0\u00bb fit_bg_text=\u00a0\u00bb0&Prime;][vc_separator color=\u00a0\u00bbcustom\u00a0\u00bb align=\u00a0\u00bbalign_left\u00a0\u00bb accent_color=\u00a0\u00bbrgba(215,163,79,0.45)\u00a0\u00bb][vc_custom_heading text=\u00a0\u00bbNOTRE STUDIO\u00a0\u00bb font_container=\u00a0\u00bbtag:h3|text_align:left\u00a0\u00bb use_theme_fonts=\u00a0\u00bbyes\u00a0\u00bb fit_bg_text=\u00a0\u00bb0&Prime; css=\u00a0\u00bb.vc_custom_1607460488335{margin-top: 30px !important;}\u00a0\u00bb][\/vc_column_inner][\/vc_row_inner][vc_row_inner gap=\u00a0\u00bb35&Prime; iron_bg_video=\u00a0\u00bb\u00a0\u00bb css=\u00a0\u00bb.vc_custom_1456788103810{margin-top: 125px !important;}\u00a0\u00bb][vc_column_inner width=\u00a0\u00bb1\/2&Prime;][vc_column_text]Le Blind Spot Studio est un studio d&rsquo;enregistrement situ\u00e9 dans le quartier Centre-sud de Mtl, \u00e0 deux pas du pont Jacques-Cartier. Nous offrons les services suivant: l&rsquo;enregistrement multipiste en studio, des sessions vid\u00e9os [&hellip;]","og_url":"https:\/\/blindspotstudio.ca\/bio\/","og_site_name":"Blind Spot Studio","article_modified_time":"2021-08-12T20:57:29+00:00","og_image":[{"width":1205,"height":298,"url":"https:\/\/blindspotstudio.ca\/wp-content\/uploads\/2020\/12\/BSS-Watermark-white.png","type":"image\/png"}],"twitter_card":"summary_large_image","twitter_misc":{"Dur\u00e9e de lecture estim\u00e9e":"2 minutes"},"schema":{"@context":"https:\/\/schema.org","@graph":[{"@type":"WebPage","@id":"https:\/\/blindspotstudio.ca\/bio\/","url":"https:\/\/blindspotstudio.ca\/bio\/","name":"\u00c0 propos - Blind Spot Studio","isPartOf":{"@id":"https:\/\/blindspotstudio.ca\/#website"},"datePublished":"2016-02-06T20:21:36+00:00","dateModified":"2021-08-12T20:57:29+00:00","breadcrumb":{"@id":"https:\/\/blindspotstudio.ca\/bio\/#breadcrumb"},"inLanguage":"fr-FR","potentialAction":[{"@type":"ReadAction","target":["https:\/\/blindspotstudio.ca\/bio\/"]}]},{"@type":"BreadcrumbList","@id":"https:\/\/blindspotstudio.ca\/bio\/#breadcrumb","itemListElement":[{"@type":"ListItem","position":1,"name":"Accueil","item":"https:\/\/blindspotstudio.ca\/fr\/"},{"@type":"ListItem","position":2,"name":"\u00c0 propos"}]},{"@type":"WebSite","@id":"https:\/\/blindspotstudio.ca\/#website","url":"https:\/\/blindspotstudio.ca\/","name":"Blind Spot Studio","description":"","potentialAction":[{"@type":"SearchAction","target":{"@type":"EntryPoint","urlTemplate":"https:\/\/blindspotstudio.ca\/?s={search_term_string}"},"query-input":{"@type":"PropertyValueSpecification","valueRequired":true,"valueName":"search_term_string"}}],"inLanguage":"fr-FR"}]}},"_links":{"self":[{"href":"https:\/\/blindspotstudio.ca\/fr\/wp-json\/wp\/v2\/pages\/868","targetHints":{"allow":["GET"]}}],"collection":[{"href":"https:\/\/blindspotstudio.ca\/fr\/wp-json\/wp\/v2\/pages"}],"about":[{"href":"https:\/\/blindspotstudio.ca\/fr\/wp-json\/wp\/v2\/types\/page"}],"author":[{"embeddable":true,"href":"https:\/\/blindspotstudio.ca\/fr\/wp-json\/wp\/v2\/users\/1"}],"replies":[{"embeddable":true,"href":"https:\/\/blindspotstudio.ca\/fr\/wp-json\/wp\/v2\/comments?post=868"}],"version-history":[{"count":16,"href":"https:\/\/blindspotstudio.ca\/fr\/wp-json\/wp\/v2\/pages\/868\/revisions"}],"predecessor-version":[{"id":1362,"href":"https:\/\/blindspotstudio.ca\/fr\/wp-json\/wp\/v2\/pages\/868\/revisions\/1362"}],"wp:attachment":[{"href":"https:\/\/blindspotstudio.ca\/fr\/wp-json\/wp\/v2\/media?parent=868"}],"curies":[{"name":"wp","href":"https:\/\/api.w.org\/{rel}","templated":true}]}}