{"id":947,"date":"2021-07-21T19:45:22","date_gmt":"2021-07-21T18:45:22","guid":{"rendered":"https:\/\/blindspotstudio.ca\/?page_id=947"},"modified":"2021-07-23T19:14:37","modified_gmt":"2021-07-23T18:14:37","slug":"2-2","status":"publish","type":"page","link":"https:\/\/blindspotstudio.ca\/fr\/2-2\/","title":{"rendered":"Contact"},"content":{"rendered":"<div class=\"wpb-content-wrapper\"><p>[vc_row gap=\u00a0\u00bb35&Prime; content_placement=\u00a0\u00bbtop\u00a0\u00bb iron_row_type=\u00a0\u00bbin_container\u00a0\u00bb iron_remove_padding_medium=\u00a0\u00bb\u00a0\u00bb iron_remove_padding_small=\u00a0\u00bb\u00a0\u00bb iron_overlay_pattern=\u00a0\u00bb\u00a0\u00bb iron_parallax=\u00a0\u00bb\u00a0\u00bb iron_bg_video=\u00a0\u00bb\u00a0\u00bb][vc_column width=\u00a0\u00bb3\/4&Prime;][vc_custom_heading text=\u00a0\u00bbDites nous bonjour\u00a0\u00bb use_theme_fonts=\u00a0\u00bbyes\u00a0\u00bb fit_bg_text=\u00a0\u00bb0&Prime;][vc_separator color=\u00a0\u00bbcustom\u00a0\u00bb align=\u00a0\u00bbalign_left\u00a0\u00bb border_width=\u00a0\u00bb4&Prime; accent_color=\u00a0\u00bb#d7a34f\u00a0\u00bb][vc_empty_space height=\u00a0\u00bb25px\u00a0\u00bb][vc_column_text]Que vous ayez un projet int\u00e9ressant ou que vous vouliez simplement dire bonjour, n&rsquo;h\u00e9sitez pas \u00e0 m&rsquo;envoyer un message.[\/vc_column_text]\n<div class=\"wpcf7 no-js\" id=\"wpcf7-f1034-o1\" lang=\"fr-FR\" dir=\"ltr\" data-wpcf7-id=\"1034\">\n<div class=\"screen-reader-response\"><p role=\"status\" aria-live=\"polite\" aria-atomic=\"true\"><\/p> <ul><\/ul><\/div>\n<form action=\"\/fr\/wp-json\/wp\/v2\/pages\/947#wpcf7-f1034-o1\" method=\"post\" class=\"wpcf7-form init\" aria-label=\"Formulaire de contact\" novalidate=\"novalidate\" data-status=\"init\">\n<fieldset class=\"hidden-fields-container\"><input type=\"hidden\" name=\"_wpcf7\" value=\"1034\" \/><input type=\"hidden\" name=\"_wpcf7_version\" value=\"6.1.5\" \/><input type=\"hidden\" name=\"_wpcf7_locale\" value=\"fr_FR\" \/><input type=\"hidden\" name=\"_wpcf7_unit_tag\" value=\"wpcf7-f1034-o1\" \/><input type=\"hidden\" name=\"_wpcf7_container_post\" value=\"0\" \/><input type=\"hidden\" name=\"_wpcf7_posted_data_hash\" value=\"\" \/>\n<\/fieldset>\n<p>Nom*\n<\/p>\n<p><span class=\"wpcf7-form-control-wrap\" data-name=\"your-name\"><input size=\"40\" maxlength=\"400\" class=\"wpcf7-form-control wpcf7-text wpcf7-validates-as-required\" aria-required=\"true\" aria-invalid=\"false\" value=\"\" type=\"text\" name=\"your-name\" \/><\/span>\n<\/p>\n<p>Courriel*\n<\/p>\n<p><span class=\"wpcf7-form-control-wrap\" data-name=\"your-email\"><input size=\"40\" maxlength=\"400\" class=\"wpcf7-form-control wpcf7-email wpcf7-validates-as-required wpcf7-text wpcf7-validates-as-email\" aria-required=\"true\" aria-invalid=\"false\" value=\"\" type=\"email\" name=\"your-email\" \/><\/span>\n<\/p>\n<p>Message*\n<\/p>\n<p><span class=\"wpcf7-form-control-wrap\" data-name=\"your-message\"><textarea cols=\"40\" rows=\"10\" maxlength=\"2000\" class=\"wpcf7-form-control wpcf7-textarea\" aria-invalid=\"false\" name=\"your-message\"><\/textarea><\/span>\n<\/p>\n<p><input class=\"wpcf7-form-control wpcf7-submit has-spinner\" type=\"submit\" value=\"Envoy\u00e9\" \/>\n<\/p><div class=\"wpcf7-response-output\" aria-hidden=\"true\"><\/div>\n<\/form>\n<\/div>\n[\/vc_column][vc_column width=\u00a0\u00bb1\/4&Prime;][vc_custom_heading text=\u00a0\u00bbContact\u00a0\u00bb use_theme_fonts=\u00a0\u00bbyes\u00a0\u00bb fit_bg_text=\u00a0\u00bb0&Prime;][vc_separator color=\u00a0\u00bbcustom\u00a0\u00bb align=\u00a0\u00bbalign_left\u00a0\u00bb border_width=\u00a0\u00bb4&Prime; accent_color=\u00a0\u00bb#d7a34f\u00a0\u00bb][vc_empty_space height=\u00a0\u00bb35px\u00a0\u00bb][vc_column_text]<\/p>\n<h3 style=\"text-align: left;\">R\u00c9SERVATION<\/h3>\n<p style=\"text-align: left;\">Fernando Collazzo<br \/>\n<a href=\"mailto:info@blindspotstudio.ca\" target=\"_blank\" rel=\"noopener noreferrer\">info@blindspotstudio.ca<\/a><\/p>\n<p style=\"text-align: left;\">t+ 438-765-4737<\/p>\n<p>[\/vc_column_text][vc_empty_space][vc_empty_space][\/vc_column][\/vc_row]<\/p>\n<\/div>","protected":false},"excerpt":{"rendered":"<p>[vc_row gap=\u00a0\u00bb35&Prime; content_placement=\u00a0\u00bbtop\u00a0\u00bb iron_row_type=\u00a0\u00bbin_container\u00a0\u00bb iron_remove_padding_medium=\u00a0\u00bb\u00a0\u00bb iron_remove_padding_small=\u00a0\u00bb\u00a0\u00bb iron_overlay_pattern=\u00a0\u00bb\u00a0\u00bb iron_parallax=\u00a0\u00bb\u00a0\u00bb iron_bg_video=\u00a0\u00bb\u00a0\u00bb][vc_column width=\u00a0\u00bb3\/4&Prime;][vc_custom_heading text=\u00a0\u00bbDites nous bonjour\u00a0\u00bb use_theme_fonts=\u00a0\u00bbyes\u00a0\u00bb fit_bg_text=\u00a0\u00bb0&Prime;][vc_separator color=\u00a0\u00bbcustom\u00a0\u00bb align=\u00a0\u00bbalign_left\u00a0\u00bb border_width=\u00a0\u00bb4&Prime; accent_color=\u00a0\u00bb#d7a34f\u00a0\u00bb][vc_empty_space height=\u00a0\u00bb25px\u00a0\u00bb][vc_column_text]Que vous ayez un projet int\u00e9ressant ou que vous vouliez simplement dire bonjour, n&rsquo;h\u00e9sitez pas \u00e0 m&rsquo;envoyer un message.[\/vc_column_text][\/vc_column][vc_column width=\u00a0\u00bb1\/4&Prime;][vc_custom_heading text=\u00a0\u00bbContact\u00a0\u00bb use_theme_fonts=\u00a0\u00bbyes\u00a0\u00bb fit_bg_text=\u00a0\u00bb0&Prime;][vc_separator color=\u00a0\u00bbcustom\u00a0\u00bb align=\u00a0\u00bbalign_left\u00a0\u00bb border_width=\u00a0\u00bb4&Prime; accent_color=\u00a0\u00bb#d7a34f\u00a0\u00bb][vc_empty_space height=\u00a0\u00bb35px\u00a0\u00bb][vc_column_text] R\u00c9SERVATION Fernando Collazzo info@blindspotstudio.ca t+ 438-765-4737 [\/vc_column_text][vc_empty_space][vc_empty_space][\/vc_column][\/vc_row]<\/p>\n","protected":false},"author":1,"featured_media":0,"parent":0,"menu_order":8,"comment_status":"closed","ping_status":"closed","template":"","meta":{"_acf_changed":false,"footnotes":""},"class_list":["post-947","page","type-page","status-publish","hentry"],"acf":[],"yoast_head":"<!-- This site is optimized with the Yoast SEO plugin v26.7 - https:\/\/yoast.com\/wordpress\/plugins\/seo\/ -->\n<title>Contact - Blind Spot Studio<\/title>\n<meta name=\"robots\" content=\"index, follow, max-snippet:-1, max-image-preview:large, max-video-preview:-1\" \/>\n<link rel=\"canonical\" href=\"https:\/\/blindspotstudio.ca\/contact\/\" \/>\n<meta property=\"og:locale\" content=\"fr_FR\" \/>\n<meta property=\"og:type\" content=\"article\" \/>\n<meta property=\"og:title\" content=\"Contact - Blind Spot Studio\" \/>\n<meta property=\"og:description\" content=\"[vc_row gap=\u00a0\u00bb35&Prime; content_placement=\u00a0\u00bbtop\u00a0\u00bb iron_row_type=\u00a0\u00bbin_container\u00a0\u00bb iron_remove_padding_medium=\u00a0\u00bb\u00a0\u00bb iron_remove_padding_small=\u00a0\u00bb\u00a0\u00bb iron_overlay_pattern=\u00a0\u00bb\u00a0\u00bb iron_parallax=\u00a0\u00bb\u00a0\u00bb iron_bg_video=\u00a0\u00bb\u00a0\u00bb][vc_column width=\u00a0\u00bb3\/4&Prime;][vc_custom_heading text=\u00a0\u00bbDites nous bonjour\u00a0\u00bb use_theme_fonts=\u00a0\u00bbyes\u00a0\u00bb fit_bg_text=\u00a0\u00bb0&Prime;][vc_separator color=\u00a0\u00bbcustom\u00a0\u00bb align=\u00a0\u00bbalign_left\u00a0\u00bb border_width=\u00a0\u00bb4&Prime; accent_color=\u00a0\u00bb#d7a34f\u00a0\u00bb][vc_empty_space height=\u00a0\u00bb25px\u00a0\u00bb][vc_column_text]Que vous ayez un projet int\u00e9ressant ou que vous vouliez simplement dire bonjour, n&rsquo;h\u00e9sitez pas \u00e0 m&rsquo;envoyer un message.[\/vc_column_text][\/vc_column][vc_column width=\u00a0\u00bb1\/4&Prime;][vc_custom_heading text=\u00a0\u00bbContact\u00a0\u00bb use_theme_fonts=\u00a0\u00bbyes\u00a0\u00bb fit_bg_text=\u00a0\u00bb0&Prime;][vc_separator color=\u00a0\u00bbcustom\u00a0\u00bb align=\u00a0\u00bbalign_left\u00a0\u00bb border_width=\u00a0\u00bb4&Prime; accent_color=\u00a0\u00bb#d7a34f\u00a0\u00bb][vc_empty_space height=\u00a0\u00bb35px\u00a0\u00bb][vc_column_text] R\u00c9SERVATION Fernando Collazzo info@blindspotstudio.ca t+ 438-765-4737 [\/vc_column_text][vc_empty_space][vc_empty_space][\/vc_column][\/vc_row]\" \/>\n<meta property=\"og:url\" content=\"https:\/\/blindspotstudio.ca\/contact\/\" \/>\n<meta property=\"og:site_name\" content=\"Blind Spot Studio\" \/>\n<meta property=\"article:modified_time\" content=\"2021-07-23T18:14:37+00:00\" \/>\n<meta property=\"og:image\" content=\"https:\/\/blindspotstudio.ca\/wp-content\/uploads\/2020\/12\/BSS-Watermark-white.png\" \/>\n\t<meta property=\"og:image:width\" content=\"1205\" \/>\n\t<meta property=\"og:image:height\" content=\"298\" \/>\n\t<meta property=\"og:image:type\" content=\"image\/png\" \/>\n<meta name=\"twitter:card\" content=\"summary_large_image\" \/>\n<meta name=\"twitter:label1\" content=\"Dur\u00e9e de lecture estim\u00e9e\" \/>\n\t<meta name=\"twitter:data1\" content=\"1 minute\" \/>\n<script type=\"application\/ld+json\" class=\"yoast-schema-graph\">{\"@context\":\"https:\/\/schema.org\",\"@graph\":[{\"@type\":\"WebPage\",\"@id\":\"https:\/\/blindspotstudio.ca\/contact\/\",\"url\":\"https:\/\/blindspotstudio.ca\/contact\/\",\"name\":\"Contact - Blind Spot Studio\",\"isPartOf\":{\"@id\":\"https:\/\/blindspotstudio.ca\/#website\"},\"datePublished\":\"2021-07-21T18:45:22+00:00\",\"dateModified\":\"2021-07-23T18:14:37+00:00\",\"breadcrumb\":{\"@id\":\"https:\/\/blindspotstudio.ca\/contact\/#breadcrumb\"},\"inLanguage\":\"fr-FR\",\"potentialAction\":[{\"@type\":\"ReadAction\",\"target\":[\"https:\/\/blindspotstudio.ca\/contact\/\"]}]},{\"@type\":\"BreadcrumbList\",\"@id\":\"https:\/\/blindspotstudio.ca\/contact\/#breadcrumb\",\"itemListElement\":[{\"@type\":\"ListItem\",\"position\":1,\"name\":\"Accueil\",\"item\":\"https:\/\/blindspotstudio.ca\/fr\/\"},{\"@type\":\"ListItem\",\"position\":2,\"name\":\"Contact\"}]},{\"@type\":\"WebSite\",\"@id\":\"https:\/\/blindspotstudio.ca\/#website\",\"url\":\"https:\/\/blindspotstudio.ca\/\",\"name\":\"Blind Spot Studio\",\"description\":\"\",\"potentialAction\":[{\"@type\":\"SearchAction\",\"target\":{\"@type\":\"EntryPoint\",\"urlTemplate\":\"https:\/\/blindspotstudio.ca\/?s={search_term_string}\"},\"query-input\":{\"@type\":\"PropertyValueSpecification\",\"valueRequired\":true,\"valueName\":\"search_term_string\"}}],\"inLanguage\":\"fr-FR\"}]}<\/script>\n<!-- \/ Yoast SEO plugin. -->","yoast_head_json":{"title":"Contact - Blind Spot Studio","robots":{"index":"index","follow":"follow","max-snippet":"max-snippet:-1","max-image-preview":"max-image-preview:large","max-video-preview":"max-video-preview:-1"},"canonical":"https:\/\/blindspotstudio.ca\/contact\/","og_locale":"fr_FR","og_type":"article","og_title":"Contact - Blind Spot Studio","og_description":"[vc_row gap=\u00a0\u00bb35&Prime; content_placement=\u00a0\u00bbtop\u00a0\u00bb iron_row_type=\u00a0\u00bbin_container\u00a0\u00bb iron_remove_padding_medium=\u00a0\u00bb\u00a0\u00bb iron_remove_padding_small=\u00a0\u00bb\u00a0\u00bb iron_overlay_pattern=\u00a0\u00bb\u00a0\u00bb iron_parallax=\u00a0\u00bb\u00a0\u00bb iron_bg_video=\u00a0\u00bb\u00a0\u00bb][vc_column width=\u00a0\u00bb3\/4&Prime;][vc_custom_heading text=\u00a0\u00bbDites nous bonjour\u00a0\u00bb use_theme_fonts=\u00a0\u00bbyes\u00a0\u00bb fit_bg_text=\u00a0\u00bb0&Prime;][vc_separator color=\u00a0\u00bbcustom\u00a0\u00bb align=\u00a0\u00bbalign_left\u00a0\u00bb border_width=\u00a0\u00bb4&Prime; accent_color=\u00a0\u00bb#d7a34f\u00a0\u00bb][vc_empty_space height=\u00a0\u00bb25px\u00a0\u00bb][vc_column_text]Que vous ayez un projet int\u00e9ressant ou que vous vouliez simplement dire bonjour, n&rsquo;h\u00e9sitez pas \u00e0 m&rsquo;envoyer un message.[\/vc_column_text][\/vc_column][vc_column width=\u00a0\u00bb1\/4&Prime;][vc_custom_heading text=\u00a0\u00bbContact\u00a0\u00bb use_theme_fonts=\u00a0\u00bbyes\u00a0\u00bb fit_bg_text=\u00a0\u00bb0&Prime;][vc_separator color=\u00a0\u00bbcustom\u00a0\u00bb align=\u00a0\u00bbalign_left\u00a0\u00bb border_width=\u00a0\u00bb4&Prime; accent_color=\u00a0\u00bb#d7a34f\u00a0\u00bb][vc_empty_space height=\u00a0\u00bb35px\u00a0\u00bb][vc_column_text] R\u00c9SERVATION Fernando Collazzo info@blindspotstudio.ca t+ 438-765-4737 [\/vc_column_text][vc_empty_space][vc_empty_space][\/vc_column][\/vc_row]","og_url":"https:\/\/blindspotstudio.ca\/contact\/","og_site_name":"Blind Spot Studio","article_modified_time":"2021-07-23T18:14:37+00:00","og_image":[{"width":1205,"height":298,"url":"https:\/\/blindspotstudio.ca\/wp-content\/uploads\/2020\/12\/BSS-Watermark-white.png","type":"image\/png"}],"twitter_card":"summary_large_image","twitter_misc":{"Dur\u00e9e de lecture estim\u00e9e":"1 minute"},"schema":{"@context":"https:\/\/schema.org","@graph":[{"@type":"WebPage","@id":"https:\/\/blindspotstudio.ca\/contact\/","url":"https:\/\/blindspotstudio.ca\/contact\/","name":"Contact - Blind Spot Studio","isPartOf":{"@id":"https:\/\/blindspotstudio.ca\/#website"},"datePublished":"2021-07-21T18:45:22+00:00","dateModified":"2021-07-23T18:14:37+00:00","breadcrumb":{"@id":"https:\/\/blindspotstudio.ca\/contact\/#breadcrumb"},"inLanguage":"fr-FR","potentialAction":[{"@type":"ReadAction","target":["https:\/\/blindspotstudio.ca\/contact\/"]}]},{"@type":"BreadcrumbList","@id":"https:\/\/blindspotstudio.ca\/contact\/#breadcrumb","itemListElement":[{"@type":"ListItem","position":1,"name":"Accueil","item":"https:\/\/blindspotstudio.ca\/fr\/"},{"@type":"ListItem","position":2,"name":"Contact"}]},{"@type":"WebSite","@id":"https:\/\/blindspotstudio.ca\/#website","url":"https:\/\/blindspotstudio.ca\/","name":"Blind Spot Studio","description":"","potentialAction":[{"@type":"SearchAction","target":{"@type":"EntryPoint","urlTemplate":"https:\/\/blindspotstudio.ca\/?s={search_term_string}"},"query-input":{"@type":"PropertyValueSpecification","valueRequired":true,"valueName":"search_term_string"}}],"inLanguage":"fr-FR"}]}},"_links":{"self":[{"href":"https:\/\/blindspotstudio.ca\/fr\/wp-json\/wp\/v2\/pages\/947","targetHints":{"allow":["GET"]}}],"collection":[{"href":"https:\/\/blindspotstudio.ca\/fr\/wp-json\/wp\/v2\/pages"}],"about":[{"href":"https:\/\/blindspotstudio.ca\/fr\/wp-json\/wp\/v2\/types\/page"}],"author":[{"embeddable":true,"href":"https:\/\/blindspotstudio.ca\/fr\/wp-json\/wp\/v2\/users\/1"}],"replies":[{"embeddable":true,"href":"https:\/\/blindspotstudio.ca\/fr\/wp-json\/wp\/v2\/comments?post=947"}],"version-history":[{"count":19,"href":"https:\/\/blindspotstudio.ca\/fr\/wp-json\/wp\/v2\/pages\/947\/revisions"}],"predecessor-version":[{"id":1057,"href":"https:\/\/blindspotstudio.ca\/fr\/wp-json\/wp\/v2\/pages\/947\/revisions\/1057"}],"wp:attachment":[{"href":"https:\/\/blindspotstudio.ca\/fr\/wp-json\/wp\/v2\/media?parent=947"}],"curies":[{"name":"wp","href":"https:\/\/api.w.org\/{rel}","templated":true}]}}